{"id":408,"date":"2024-02-13T15:21:33","date_gmt":"2024-02-13T15:21:33","guid":{"rendered":"https:\/\/jdagentuur.ee\/?page_id=408"},"modified":"2024-05-07T19:18:58","modified_gmt":"2024-05-07T19:18:58","slug":"privaatsus","status":"publish","type":"page","link":"https:\/\/jdagentuur.ee\/en\/privaatsus\/","title":{"rendered":"Privaatsuspoliitika ja ostutingimused"},"content":{"rendered":"<p>JD Agentuur &#8211; J&amp;D O\u00dc privaatsuspoliitika<br>J&amp;D O\u00dc<br>Reg. Kood: 12848646<br>Tallinn, Eesti<br>info@jdagentuur.ee<\/p>\n\n\n\n<h2 class=\"wp-block-heading\">Isikuandmete kaitse<\/h2>\n\n\n\n<p>Isikuandmeteks loetakse neid andmeid, mida J&amp;D O\u00dc (edaspidi JD Agentuur) kogub reklaami saatmiseks, isiku\/ettev\u00f5tte tuvastamiseks teenuste osutamisel, isikuga\/ettev\u00f5ttega \u00fchenduse v\u00f5tmiseks teenuse osutamiseks, e-poes sooritatud tellimuste t\u00e4itmiseks ja k\u00f5ikv\u00f5imalike k\u00fcsimuste lahendamiseks. JD Agentuur ei t\u00f6\u00f6tle delikaatseid isikuandmeid. JD Agentuur kaitseb isikute andmeid ja privaatsust kasutades k\u00f5iki v\u00f5imalikke meetmeid kogutud andmete kaitseks. Esitatud isikuandmeid k\u00e4sitletakse kui konfidentsiaalset infot. JD Agentuur ei v\u00f5ta vastutust isikuandmete t\u00f6\u00f6tlemise kohta, mis toimub v\u00e4listel linkidel, millele JD Agentuuri veebilehel v\u00f5idakse viidata.<\/p>\n\n\n\n<p>Erilisi meetmeid ei kasutata juriidiliste isikute andmetele, mis on avalikult k\u00e4ttesaadavad k\u00f5igile. Juriidilist isikut esindav isik, kes ostab\/tellib teenuse, ei ole f\u00fc\u00fcsiline isik vaid tegemist on volitatud esindajaga ning tema isikuandmete t\u00f6\u00f6tlemine ei kuulu EL m\u00e4\u00e4rus 2016\/679 reguleerimisse.<\/p>\n\n\n\n<h3 class=\"wp-block-heading\">Milliseid andmeid kogutakse ja kaua neid s\u00e4ilitatakse?<\/h3>\n\n\n\n<ul class=\"wp-block-list\">\n<li>Veebilehte www.jdagentuur.ee k\u00fclastades kogutakse isikustamata tehnilisi andmeid nagu n\u00e4iteks arvuti v\u00f5i arvutiv\u00f5rgu internetiaadress ehk IP-aadress, k\u00fclastamise aeg, koht ja ka veebilehitseja ning operatsioonis\u00fcsteemi versioon.<\/li>\n\n\n\n<li>Andmeid kogutakse automatiseeritud t\u00f6\u00f6riistasid kasutades. JD Agentuur kasutab selleks n\u00e4iteks Google Analyticsit. Kui te ei soovi edaspidi enda kohta neid andmeid edastada, saate seda piirata, minnes sellele lingile&nbsp;<a href=\"https:\/\/tools.google.com\/dlpage\/gaoptout\/\" target=\"_blank\" rel=\"noreferrer noopener\">siin<\/a>.<\/li>\n\n\n\n<li>Juriidiliste isikute puhul kogutakse andmetena ettev\u00f5tte nime, registrinumbrit, KMKR numbrit kui kohaldub, kontaktandmeid (e-post, telefoninumber), aadressi, kontaktisiku(te) andmeid. F\u00fc\u00fcsiliste isikute puhul kogutakse andmetena nimi, e-post, telefoninumber, aadress.<\/li>\n\n\n\n<li>E-kirja teel saadetud uudiskirjade ja turunduslike s\u00f5numite puhul v\u00f5idakse koguda&nbsp;suhtluse kohta infot, n\u00e4iteks kas e-kirja avati, millistele linkidele vajutati, milliseid seadmeid selle jaoks kasutati ning v\u00f5imalikud tehnilised omadused.<\/li>\n\n\n\n<li>JD Agentuuri andmebaasi liitudes annate loa t\u00f6\u00f6delda oma ettev\u00f5tte nime, personaalset nime ja e-posti aadressi v\u00f5i telefoninumbrit turunduslikul eesm\u00e4rgil ka sotsiaalmeedias- ja internetiturunduses (Facebook, Instagram, Google). Nendel eesm\u00e4rkidel t\u00f6\u00f6tleme teie isikuandmeid kuni 5 aastat alates kontaktibaasi lisamisest. JD Agentuuril on \u00f5igustatud huvi (GDPR Art 6(1)(f)) saata oma kontaktidele turunduskommunikatsiooni s\u00e4ilitamaks nendega \u00e4rialast suhet.<\/li>\n\n\n\n<li>Sooritades ostu jdagentuur.ee veebipoest, men\u00fc\u00fc nimetusega &#8220;Valmislahendused&#8221;, kogutakse andmeid tellimuse t\u00e4itmise mahu ulatuses. Sellisel juhul kogutakse kohustuslike andmetena nime ja e-posti aadressi. Soovikorral v\u00f5ib ka lisada ettev\u00f5tte nime, aadressi ja telefoninumbri. Need andmed on vajalikud raamatupidamislikult \u00f5ige arve v\u00e4ljastamiseks. Ostu sooritamisel muutub ka IP-aadress isikustatuks.<\/li>\n<\/ul>\n\n\n\n<p>Kogutud andmetele t\u00f6\u00f6tlemise eesm\u00e4rgil p\u00e4\u00e4sevad ligi ainult JD Agentuuri t\u00f6\u00f6tajad, kes on oma t\u00f6\u00f6s hoolikad ning kasutavad k\u00f5ikv\u00f5imalikke turvameetmeid, et kaitsta andmeid. Oma n\u00f5usoleku andmete edastamiseks JD Agentuurile ja nende andmete t\u00f6\u00f6tlemiseks annate teenuse tellimise hetkel. See on n\u00e4iteks p\u00e4ringu edastamisel e-kirja teel teenuse tellimiseks ja e-poest ostu sooritades.<\/p>\n\n\n\n<p>S\u00e4ilitame isikustamata tehnilisi veebilehtede kogutud andmeid t\u00e4htajatult. Isikustatud p\u00e4ringutega ja ostudega seotud andmeid s\u00e4ilitatame maksimaalselt kuni 7 aastat alates viimasest suhtlusest teenusepakkujaga. See s\u00e4ilitamise kohustus tuleneb raamatupidamisseaduse kohustusest tehinguid t\u00f5endada. Suhtluseks loetakse ka n\u00e4iteks uudiskirja linkidele klikkimist.<\/p>\n\n\n\n<h3 class=\"wp-block-heading\">Kellega jagame teie andmeid?<\/h3>\n\n\n\n<p>JD Agentuuri poolt t\u00f6\u00f6deldavaid ja kogutavaid andmeid ei jagata kolmandate osapooltega ilma t\u00f5eliselt m\u00f5juva p\u00f5hjuseta. Andmeid t\u00f6\u00f6deldakse ja jagatakse kolmandate osapooltega n\u00e4iteks t\u00e4iendavate teenuste t\u00e4itmiseks (raamatupidamine, inkasso, vms v\u00e4line teenusepakkuja, mis on vajalik toimivaks koost\u00f6\u00f6ks). V\u00f5ime edastada kontaktandmed ka teistele teenusepakkujatele, et pakkuda t\u00e4iendavaid teenuseid, kuid sellest teavitame alati isikut\/ettev\u00f5tete enne andmete edastamist. Ilma isiku\/ettev\u00f5tte n\u00f5usolekuta v\u00f5ime edastada v\u00e4listele asutustele v\u00f5i isikutele andmeid, kellel on selleks otsene seadusest tulenev \u00f5igus ja p\u00f5hjendatud vajadus.<\/p>\n\n\n\n<h3 class=\"wp-block-heading\">Olen isik kelle andmeid kogute, millised on mu \u00f5igused?<\/h3>\n\n\n\n<p>Teil on \u00f5igus alati oma andmetega tutvuda, parandada ja edastada soov l\u00f5petada t\u00f6\u00f6tlemine. Oma isikuandmetega tutvumiseks, parandamiseks v\u00f5i t\u00f6\u00f6tlemise l\u00f5petamiseks tuleb esitada meile taotlus, kus on v\u00f5imalik tuvastada teie kindel isik. Peale taotluse saamist v\u00f5imalusel v\u00e4ljastame, parandame v\u00f5i eemaldame andmed esimesel v\u00f5imalusel, kuid mitte hiljem, kui 7 kalendrip\u00e4eva jooksul.<\/p>\n\n\n\n<p>Uudiskirjast v\u00f5i teistest otseturunduslikest pakkumisest loobumiseks on v\u00f5imalik seda teha kirja jaluses oleva lingi kaudu. See tegevus j\u00f5ustub koheselt.<\/p>\n\n\n\n<p>Parandamise ja eemaldamise taotlust ei rahuldata teatud juhtudel. N\u00e4iteks, kui see v\u00f5ib takistada \u00f5iguskaitse organite t\u00f6\u00f6d, pooleli oleva teenuse osutamist, teenuse mitteosutamiseks vajalikku infot, taotlejal ei ole andmeid \u00f5igus eemaldada ega ka ei ole isik ennast korrektselt identifitseerinud.<\/p>\n\n\n\n<h3 class=\"wp-block-heading\">K\u00fcpsised &#8211; milliseid kasutame, kuidas ja milleks kogutakse?<\/h3>\n\n\n\n<p>JD Agentuur kasutab k\u00fcpsiseid, et muuta veebilehe kasutamine selgemaks, kasutajas\u00f5bralikumaks ja v\u00f5imaldada funktsioonide kasutamist.<\/p>\n\n\n\n<p>Enamus veebisirvijad annavad v\u00f5imaluse kolmandate isikute k\u00fcpsiseid mitte koguda. Kui olete selle seadistuse aktiveerinud, salvestatakse ainult selle teenuse k\u00fcpsised, mida olete lubanud. Neid seadistusi saate muuta oma veebilehitsejas. Samuti saate ka k\u00fcpsiste vahem\u00e4lu puhastada oma veebisirvija kaudu. See kustutab \u00e4ra varasemalt salvestatud v\u00f5imalikud veebip\u00f5hised profiili erip\u00e4rad, kuid see ei takista nende kogumist tulevikus.<\/p>\n\n\n\n<p>JD Agentuuri lehek\u00fclg www.jdagentuur.ee kasutab seansik\u00fcpsiseid, p\u00fcsik\u00fcpsiseid ja kolmanda isiku k\u00fcpsiseid (n\u00e4iteks Google Analytics, Facebook). Need anal\u00fc\u00fcsik\u00fcpsiseid v\u00f5imaldavad veebilehel viibijaid \u00e4ra tunda, loendada ja tuvastada veebisaidil teie liikumist. JD Agentuur kogub neid k\u00fcpsiseid selleks, et muuta veebileht paremaks, mugavamaks ja selgemaks.<\/p>\n\n\n\n<h3 class=\"wp-block-heading\">Uudiskirjad ja muud infot<\/h3>\n\n\n\n<p>JD Agentuuri lehel on v\u00f5imalik liituda uudiskirjaga. Selle eesm\u00e4rk on saata teile e-kirja teel uudiseid JD Agentuuri tegemistest, uudistest, v\u00f5imalikest soodustustest ja erinevates tegemistest, mis v\u00f5iksid teid huvitada. V\u00f5ime saata uudiskirjas infot ka meie koost\u00f6\u00f6partnerite kohta, nende pakkumiste kohta ja muud reklaami. Uudiskirja saadame maksimaalselt 2 kirja kalendrikuus. Kuna v\u00f5ime salvestada teie reageerimist uudiskirjadele, siis sellest tulenevalt v\u00f5ime ka anal\u00fc\u00fcsida enne uudiskirja saatmist teie k\u00e4itumist selleks, et saata infot, mis on personaalsemalt just teile suunatud. Selleks on \u00f5igustatud huvi m\u00f5ista teie eelistusi ja pakkuda sellest tulenevalt k\u00f5ige asjakohasemat infot. Uudiskirjast loobumiseks on teil alati v\u00f5imalus uudiskirja saabudes. Kirja jaluses asub alati link, l\u00e4bi mille saate koheselt nimekirjast lahkuda.<\/p>\n\n\n\n<p>Veebilehel teostatud p\u00e4ringutega annate n\u00f5usoleku oma andmeid t\u00f6\u00f6delda selliseks mahuks, et JD Agentuur saab p\u00e4ringule vastata ja teile soovitud teenust osutada. Lisaks p\u00e4ringu teostamisel lisame teid samuti uudiskirja nimekirja, millest v\u00f5ite igal ajal loobuda.<\/p>\n\n\n\n<p>www.jdagentuur.ee artiklites v\u00f5ib olla lisatud sisu muudest allikatest (videod, pildid, artiklid jne). Need k\u00e4ituvad samamoodi nagu nende algse p\u00e4ritolulehe k\u00fclastamisel.Veebisaidil registreerunud kasutajate kohta s\u00e4ilitame infot, mida nad enda kasutajaprofiili sisestavad. K\u00f5ik kasutajad saavad enda infot igal ajal n\u00e4ha, muuta ja kustuda (erandiks on kasutajanimi, mida ei saa muuta). Seda infot saavad n\u00e4ha ja muuta ka veebisaidi haldurid.<\/p>\n\n\n\n<h3 class=\"wp-block-heading\">E-pood ja ostutingimused<\/h3>\n\n\n\n<p>JD Agentuuri veebilehel asub ka veebipood, mille kaudu on v\u00f5imalik soetada virtuaalseid tooteid, mis on allalaetavad nii veebipoest, kui ka e-kirjaga saabunud lingi kaudu. Ostudega kogume samuti andmeid selleks, et edastada teile edaspidi personaalseid pakkumisi, v\u00f5tta \u00fchendust konsultatsiooniks ja lisada teid uudiskirja nimekirja.<\/p>\n\n\n\n<p><strong>Ostu sooritamine ja maksmine<\/strong><br>Ostu sooritamiseks tuleb valida sobilik toode men\u00fc\u00fc valikust &#8220;Valmislahendused&#8221;. Lisada soovitud toode ostukorvi ning seej\u00e4rel j\u00e4lgida ostukorvis juhiseid, t\u00e4ites \u00e4ra n\u00f5utud v\u00e4ljad tellimuse t\u00e4itmiseks ja valides meelep\u00e4rase maksemeetodi. <br>Maksete vahendajaks on Montonio Finance UAB. Montonio vahendusel on v\u00f5imalik kasutada otselingina erinevate pankade makseid, pangakaardi makseid v\u00f5i ise teostada panga \u00fclekanne. Kasutades tasumiseks Montonio maksete lahendusi, on ostetud tooted koheselt allalaadimiseks k\u00e4ttesaadaval. Valides maksemeetodiks panga \u00fclekande, edastame tellimuse 1-3 t\u00f6\u00f6p\u00e4eva jooksul peale makse laekumist JD Agentuuri pangakontole.<\/p>\n\n\n\n<p>Allalaadimislink on aktiivne kasutaja jaoks 30 p\u00e4eva. Palume kindlasti selle aja jooksul oma failid alla laadida.<\/p>\n\n\n\n<p><strong>Tagastamine ja pretensioonid<\/strong><br>Palun pange t\u00e4hele, et digitaalse infosisu tagastamine ja raha tagastus ei ole v\u00f5imalik, kui olete ostu juba allalaadinud. See on reguleeritud Euroopa Liidu poolt seatud garantii, tagastamise ja ostu t\u00fchistamise tingimustes, mille leiad <a href=\"https:\/\/europa.eu\/youreurope\/citizens\/consumers\/shopping\/guarantees-returns\/index_et.htm\">siit<\/a>.<br>Teiste pretensioonide ilmnemisel palun v\u00f5tke \u00fchendust e-kirja teel <a href=\"mailto:info@jdagentuur.ee\">info@jdagentuur.ee<\/a>. Vastame Teile esimesel v\u00f5imalusel, kuid hiljemalt 5 t\u00f6\u00f6p\u00e4eva jooksul.<\/p>\n\n\n\n<h3 class=\"wp-block-heading\">Tingimuste muutmine<\/h3>\n\n\n\n<p>JD Agentuuri veebilehte koos e-poega kasutades ja tellimusi teostades kinnitate, et olete nende p\u00f5him\u00f5tete ja tingimustega tutvunud ning nendega ka n\u00f5ustunud. JD Agentuur j\u00e4tab endale \u00f5iguse privaatsuspoliitika \u00fcldtingimusi muuta, teavitades sellest k\u00f5iki seotud isikuid.<\/p>","protected":false},"excerpt":{"rendered":"<p>JD Agentuur &#8211; J&amp;D O\u00dc privaatsuspoliitikaJ&amp;D O\u00dcReg. Kood: 12848646Tallinn, Eestiinfo@jdagentuur.ee Isikuandmete kaitse Isikuandmeteks loetakse neid andmeid, mida J&amp;D O\u00dc (edaspidi JD Agentuur) kogub reklaami saatmiseks, isiku\/ettev\u00f5tte tuvastamiseks teenuste osutamisel, isikuga\/ettev\u00f5ttega \u00fchenduse v\u00f5tmiseks teenuse osutamiseks, e-poes sooritatud tellimuste t\u00e4itmiseks ja k\u00f5ikv\u00f5imalike k\u00fcsimuste lahendamiseks. JD Agentuur ei t\u00f6\u00f6tle delikaatseid isikuandmeid. JD Agentuur kaitseb isikute andmeid ja privaatsust&hellip;&nbsp;<\/p>\n<div class=\"read-more-wrapper\"><a href=\"https:\/\/jdagentuur.ee\/en\/privaatsus\/\" class=\"button button-primary\" rel=\"bookmark\">Read more<span class=\"screen-reader-text\">Privaatsuspoliitika ja ostutingimused<\/span><\/a><\/div>","protected":false},"author":1,"featured_media":0,"parent":0,"menu_order":0,"comment_status":"closed","ping_status":"closed","template":"","meta":{"_monsterinsights_skip_tracking":false,"_monsterinsights_sitenote_active":false,"_monsterinsights_sitenote_note":"","_monsterinsights_sitenote_category":0,"neve_meta_sidebar":"","neve_meta_container":"","neve_meta_enable_content_width":"","neve_meta_content_width":0,"neve_meta_title_alignment":"","neve_meta_author_avatar":"","neve_post_elements_order":"","neve_meta_disable_header":"","neve_meta_disable_footer":"","neve_meta_disable_title":"","neve_meta_reading_time":"","_themeisle_gutenberg_block_has_review":false,"footnotes":""},"class_list":["post-408","page","type-page","status-publish","hentry"],"yoast_head":"<!-- This site is optimized with the Yoast SEO Premium plugin v25.0 (Yoast SEO v27.6) - https:\/\/yoast.com\/product\/yoast-seo-premium-wordpress\/ -->\n<title>Privaatsuspoliitika ja ostutingimused - JD Agentuur<\/title>\n<meta name=\"robots\" content=\"index, follow, max-snippet:-1, max-image-preview:large, max-video-preview:-1\" \/>\n<link rel=\"canonical\" href=\"https:\/\/jdagentuur.ee\/en\/privaatsus\/\" \/>\n<meta property=\"og:locale\" content=\"en_US\" \/>\n<meta property=\"og:type\" content=\"article\" \/>\n<meta property=\"og:title\" content=\"Privaatsuspoliitika ja ostutingimused\" \/>\n<meta property=\"og:description\" content=\"JD Agentuur &#8211; J&amp;D O\u00dc privaatsuspoliitikaJ&amp;D O\u00dcReg. Kood: 12848646Tallinn, Eestiinfo@jdagentuur.ee Isikuandmete kaitse Isikuandmeteks loetakse neid andmeid, mida J&amp;D O\u00dc (edaspidi JD Agentuur) kogub reklaami saatmiseks, isiku\/ettev\u00f5tte tuvastamiseks teenuste osutamisel, isikuga\/ettev\u00f5ttega \u00fchenduse v\u00f5tmiseks teenuse osutamiseks, e-poes sooritatud tellimuste t\u00e4itmiseks ja k\u00f5ikv\u00f5imalike k\u00fcsimuste lahendamiseks. JD Agentuur ei t\u00f6\u00f6tle delikaatseid isikuandmeid. JD Agentuur kaitseb isikute andmeid ja privaatsust&hellip;&nbsp;Loe edasiPrivaatsuspoliitika ja ostutingimused\" \/>\n<meta property=\"og:url\" content=\"https:\/\/jdagentuur.ee\/en\/privaatsus\/\" \/>\n<meta property=\"og:site_name\" content=\"JD Agentuur\" \/>\n<meta property=\"article:publisher\" content=\"https:\/\/www.facebook.com\/jdagentuur\" \/>\n<meta property=\"article:modified_time\" content=\"2024-05-07T19:18:58+00:00\" \/>\n<meta property=\"og:image\" content=\"https:\/\/mlpt1lag6ccf.i.optimole.com\/w:auto\/h:auto\/q:mauto\/f:best\/https:\/\/jdagentuur.ee\/wp-content\/uploads\/2023\/03\/Logo-jpg.png\" \/>\n\t<meta property=\"og:image:width\" content=\"500\" \/>\n\t<meta property=\"og:image:height\" content=\"500\" \/>\n\t<meta property=\"og:image:type\" content=\"image\/png\" \/>\n<meta name=\"twitter:card\" content=\"summary_large_image\" \/>\n<meta name=\"twitter:label1\" content=\"Est. reading time\" \/>\n\t<meta name=\"twitter:data1\" content=\"7 minutes\" \/>\n<script type=\"application\/ld+json\" class=\"yoast-schema-graph\">{\"@context\":\"https:\\\/\\\/schema.org\",\"@graph\":[{\"@type\":\"WebPage\",\"@id\":\"https:\\\/\\\/jdagentuur.ee\\\/privaatsus\\\/\",\"url\":\"https:\\\/\\\/jdagentuur.ee\\\/privaatsus\\\/\",\"name\":\"Privaatsuspoliitika ja ostutingimused - JD Agentuur\",\"isPartOf\":{\"@id\":\"https:\\\/\\\/jdagentuur.ee\\\/#website\"},\"datePublished\":\"2024-02-13T15:21:33+00:00\",\"dateModified\":\"2024-05-07T19:18:58+00:00\",\"breadcrumb\":{\"@id\":\"https:\\\/\\\/jdagentuur.ee\\\/privaatsus\\\/#breadcrumb\"},\"inLanguage\":\"en-US\",\"potentialAction\":[{\"@type\":\"ReadAction\",\"target\":[\"https:\\\/\\\/jdagentuur.ee\\\/privaatsus\\\/\"]}]},{\"@type\":\"BreadcrumbList\",\"@id\":\"https:\\\/\\\/jdagentuur.ee\\\/privaatsus\\\/#breadcrumb\",\"itemListElement\":[{\"@type\":\"ListItem\",\"position\":1,\"name\":\"Home\",\"item\":\"https:\\\/\\\/jdagentuur.ee\\\/\"},{\"@type\":\"ListItem\",\"position\":2,\"name\":\"Privaatsuspoliitika ja ostutingimused\"}]},{\"@type\":\"WebSite\",\"@id\":\"https:\\\/\\\/jdagentuur.ee\\\/#website\",\"url\":\"https:\\\/\\\/jdagentuur.ee\\\/\",\"name\":\"JD Agentuur\",\"description\":\"\",\"publisher\":{\"@id\":\"https:\\\/\\\/jdagentuur.ee\\\/#organization\"},\"potentialAction\":[{\"@type\":\"SearchAction\",\"target\":{\"@type\":\"EntryPoint\",\"urlTemplate\":\"https:\\\/\\\/jdagentuur.ee\\\/?s={search_term_string}\"},\"query-input\":{\"@type\":\"PropertyValueSpecification\",\"valueRequired\":true,\"valueName\":\"search_term_string\"}}],\"inLanguage\":\"en-US\"},{\"@type\":\"Organization\",\"@id\":\"https:\\\/\\\/jdagentuur.ee\\\/#organization\",\"name\":\"JD Agentuur\",\"url\":\"https:\\\/\\\/jdagentuur.ee\\\/\",\"logo\":{\"@type\":\"ImageObject\",\"inLanguage\":\"en-US\",\"@id\":\"https:\\\/\\\/jdagentuur.ee\\\/#\\\/schema\\\/logo\\\/image\\\/\",\"url\":\"https:\\/\\/jdagentuur.ee\\/wp-content\\/uploads\\/2023\\/03\\/Logo-jpg.png\",\"contentUrl\":\"https:\\/\\/jdagentuur.ee\\/wp-content\\/uploads\\/2023\\/03\\/Logo-jpg.png\",\"width\":500,\"height\":500,\"caption\":\"JD Agentuur\"},\"image\":{\"@id\":\"https:\\\/\\\/jdagentuur.ee\\\/#\\\/schema\\\/logo\\\/image\\\/\"},\"sameAs\":[\"https:\\\/\\\/www.facebook.com\\\/jdagentuur\",\"https:\\\/\\\/www.instagram.com\\\/jdagentuur\"]}]}<\/script>\n<!-- \/ Yoast SEO Premium plugin. -->","yoast_head_json":{"title":"Privaatsuspoliitika ja ostutingimused - JD Agentuur","robots":{"index":"index","follow":"follow","max-snippet":"max-snippet:-1","max-image-preview":"max-image-preview:large","max-video-preview":"max-video-preview:-1"},"canonical":"https:\/\/jdagentuur.ee\/en\/privaatsus\/","og_locale":"en_US","og_type":"article","og_title":"Privaatsuspoliitika ja ostutingimused","og_description":"JD Agentuur &#8211; J&amp;D O\u00dc privaatsuspoliitikaJ&amp;D O\u00dcReg. Kood: 12848646Tallinn, Eestiinfo@jdagentuur.ee Isikuandmete kaitse Isikuandmeteks loetakse neid andmeid, mida J&amp;D O\u00dc (edaspidi JD Agentuur) kogub reklaami saatmiseks, isiku\/ettev\u00f5tte tuvastamiseks teenuste osutamisel, isikuga\/ettev\u00f5ttega \u00fchenduse v\u00f5tmiseks teenuse osutamiseks, e-poes sooritatud tellimuste t\u00e4itmiseks ja k\u00f5ikv\u00f5imalike k\u00fcsimuste lahendamiseks. JD Agentuur ei t\u00f6\u00f6tle delikaatseid isikuandmeid. JD Agentuur kaitseb isikute andmeid ja privaatsust&hellip;&nbsp;Loe edasiPrivaatsuspoliitika ja ostutingimused","og_url":"https:\/\/jdagentuur.ee\/en\/privaatsus\/","og_site_name":"JD Agentuur","article_publisher":"https:\/\/www.facebook.com\/jdagentuur","article_modified_time":"2024-05-07T19:18:58+00:00","og_image":[{"width":500,"height":500,"url":"https:\/\/mlpt1lag6ccf.i.optimole.com\/w:auto\/h:auto\/q:mauto\/f:best\/https:\/\/jdagentuur.ee\/wp-content\/uploads\/2023\/03\/Logo-jpg.png","type":"image\/png"}],"twitter_card":"summary_large_image","twitter_misc":{"Est. reading time":"7 minutes"},"schema":{"@context":"https:\/\/schema.org","@graph":[{"@type":"WebPage","@id":"https:\/\/jdagentuur.ee\/privaatsus\/","url":"https:\/\/jdagentuur.ee\/privaatsus\/","name":"Privaatsuspoliitika ja ostutingimused - JD Agentuur","isPartOf":{"@id":"https:\/\/jdagentuur.ee\/#website"},"datePublished":"2024-02-13T15:21:33+00:00","dateModified":"2024-05-07T19:18:58+00:00","breadcrumb":{"@id":"https:\/\/jdagentuur.ee\/privaatsus\/#breadcrumb"},"inLanguage":"en-US","potentialAction":[{"@type":"ReadAction","target":["https:\/\/jdagentuur.ee\/privaatsus\/"]}]},{"@type":"BreadcrumbList","@id":"https:\/\/jdagentuur.ee\/privaatsus\/#breadcrumb","itemListElement":[{"@type":"ListItem","position":1,"name":"Home","item":"https:\/\/jdagentuur.ee\/"},{"@type":"ListItem","position":2,"name":"Privaatsuspoliitika ja ostutingimused"}]},{"@type":"WebSite","@id":"https:\/\/jdagentuur.ee\/#website","url":"https:\/\/jdagentuur.ee\/","name":"JD Agentuur","description":"","publisher":{"@id":"https:\/\/jdagentuur.ee\/#organization"},"potentialAction":[{"@type":"SearchAction","target":{"@type":"EntryPoint","urlTemplate":"https:\/\/jdagentuur.ee\/?s={search_term_string}"},"query-input":{"@type":"PropertyValueSpecification","valueRequired":true,"valueName":"search_term_string"}}],"inLanguage":"en-US"},{"@type":"Organization","@id":"https:\/\/jdagentuur.ee\/#organization","name":"JD Agentuur","url":"https:\/\/jdagentuur.ee\/","logo":{"@type":"ImageObject","inLanguage":"en-US","@id":"https:\/\/jdagentuur.ee\/#\/schema\/logo\/image\/","url":"https:\/\/mlpt1lag6ccf.i.optimole.com\/w:auto\/h:auto\/q:mauto\/f:best\/https:\/\/jdagentuur.ee\/wp-content\/uploads\/2023\/03\/Logo-jpg.png","contentUrl":"https:\/\/mlpt1lag6ccf.i.optimole.com\/w:auto\/h:auto\/q:mauto\/f:best\/https:\/\/jdagentuur.ee\/wp-content\/uploads\/2023\/03\/Logo-jpg.png","width":500,"height":500,"caption":"JD Agentuur"},"image":{"@id":"https:\/\/jdagentuur.ee\/#\/schema\/logo\/image\/"},"sameAs":["https:\/\/www.facebook.com\/jdagentuur","https:\/\/www.instagram.com\/jdagentuur"]}]}},"_links":{"self":[{"href":"https:\/\/jdagentuur.ee\/en\/wp-json\/wp\/v2\/pages\/408","targetHints":{"allow":["GET"]}}],"collection":[{"href":"https:\/\/jdagentuur.ee\/en\/wp-json\/wp\/v2\/pages"}],"about":[{"href":"https:\/\/jdagentuur.ee\/en\/wp-json\/wp\/v2\/types\/page"}],"author":[{"embeddable":true,"href":"https:\/\/jdagentuur.ee\/en\/wp-json\/wp\/v2\/users\/1"}],"replies":[{"embeddable":true,"href":"https:\/\/jdagentuur.ee\/en\/wp-json\/wp\/v2\/comments?post=408"}],"version-history":[{"count":9,"href":"https:\/\/jdagentuur.ee\/en\/wp-json\/wp\/v2\/pages\/408\/revisions"}],"predecessor-version":[{"id":635,"href":"https:\/\/jdagentuur.ee\/en\/wp-json\/wp\/v2\/pages\/408\/revisions\/635"}],"wp:attachment":[{"href":"https:\/\/jdagentuur.ee\/en\/wp-json\/wp\/v2\/media?parent=408"}],"curies":[{"name":"wp","href":"https:\/\/api.w.org\/{rel}","templated":true}]}}