{"id":75,"date":"2020-01-27T08:29:32","date_gmt":"2020-01-27T08:29:32","guid":{"rendered":"https:\/\/demosites.io\/web-agency-gb\/?page_id=75"},"modified":"2025-09-16T08:37:05","modified_gmt":"2025-09-16T08:37:05","slug":"kontakt","status":"publish","type":"page","link":"https:\/\/jdagentuur.ee\/en\/kontakt\/","title":{"rendered":"Contact"},"content":{"rendered":"\n<div class=\"wp-block-cover alignfull\" style=\"min-height:300px;aspect-ratio:unset;\"><span aria-hidden=\"true\" class=\"wp-block-cover__background has-nv-site-bg-background-color has-background-dim-100 has-background-dim\"><\/span><div class=\"wp-block-cover__inner-container is-layout-flow wp-block-cover-is-layout-flow\">\n<div class=\"wp-block-group\"><div class=\"wp-block-group__inner-container is-layout-flow wp-block-group-is-layout-flow\">\n<h1 class=\"wp-block-heading has-text-align-left has-neve-text-color-color has-text-color\" id=\"h-teeme-koostood\">Teeme koost\u00f6\u00f6d!<\/h1>\n<\/div><\/div>\n\n\n\n<p class=\"has-nv-dark-bg-color has-text-color has-link-color wp-elements-9f9ac8c28dd15345516e4196f0ef17d5\">Otsid usaldusv\u00e4\u00e4rset <strong>turundus- ja br\u00e4ndingu agentuuri<\/strong>, mis viiks su ettev\u00f5tte j\u00e4rgmisele tasemele v\u00f5i, et luua tugeva identiteediga br\u00e4nd, mis k\u00f5netab ja j\u00e4\u00e4b meelde? Meie professionaalne meeskond on siin, et aidata sul saavutada n\u00e4htavuse, kasvatada m\u00fc\u00fcki ja luua t\u00e4hendusrikas br\u00e4nd. <strong>V\u00f5ta meiega \u00fchendust juba t\u00e4na<\/strong> \u2013 alusta koost\u00f6\u00f6d, mis viib sinu ettev\u00f5tte edu uuele k\u00f5rgusele!<\/p>\n<\/div><\/div>\n\n\n\n<div class=\"wp-block-cover alignfull\" style=\"min-height:600px;aspect-ratio:unset;\"><span aria-hidden=\"true\" class=\"wp-block-cover__background has-neve-text-color-background-color has-background-dim-100 has-background-dim\"><\/span><div class=\"wp-block-cover__inner-container is-layout-flow wp-block-cover-is-layout-flow\">\n<div class=\"wp-block-columns is-layout-flex wp-container-core-columns-is-layout-9d6595d7 wp-block-columns-is-layout-flex\">\n<div class=\"wp-block-column is-layout-flow wp-block-column-is-layout-flow\"><\/div>\n\n\n\n<div class=\"wp-block-column is-layout-flow wp-block-column-is-layout-flow\"><\/div>\n<\/div>\n\n\n\n<div class=\"wp-block-columns is-layout-flex wp-container-core-columns-is-layout-9d6595d7 wp-block-columns-is-layout-flex\">\n<div class=\"wp-block-column is-layout-flow wp-block-column-is-layout-flow\">\n<div id=\"wp-block-themeisle-blocks-accordion-acad52cc\" class=\"wp-block-themeisle-blocks-accordion exclusive\">\n<details open class=\"wp-block-themeisle-blocks-accordion-item\"><summary class=\"wp-block-themeisle-blocks-accordion-item__title\"><div>Kontakt andmed<\/div><\/summary><div class=\"wp-block-themeisle-blocks-accordion-item__content\">\n<div class=\"wp-block-columns is-layout-flex wp-container-core-columns-is-layout-9d6595d7 wp-block-columns-is-layout-flex\">\n<div class=\"wp-block-column is-layout-flow wp-block-column-is-layout-flow\" style=\"flex-basis:50%\">\n<p class=\"has-nv-text-dark-bg-color has-text-color has-link-color wp-elements-83d9657cb77f1ee4f4d6a87179768904\">JD Agentuur &#8211; J&amp;D O\u00dc<br>Sulevim\u00e4gi 2, Tallinn<br>10123<\/p>\n<\/div>\n\n\n\n<div class=\"wp-block-column is-layout-flow wp-block-column-is-layout-flow\" style=\"flex-basis:50%\">\n<p class=\"has-nv-text-dark-bg-color has-text-color has-link-color wp-elements-c3fd2f8a8b334844cf4a8e91fb082ba4\"><a href=\"mailto:info@jdagentuur.ee\">info@jdagentuur.ee<\/a><\/p>\n<\/div>\n<\/div>\n<\/div><\/details>\n\n\n\n<details class=\"wp-block-themeisle-blocks-accordion-item\"><summary class=\"wp-block-themeisle-blocks-accordion-item__title\"><div>Rekvisiidid ja tehniline info<\/div><\/summary><div class=\"wp-block-themeisle-blocks-accordion-item__content\">\n<p class=\"has-nv-text-dark-bg-color has-text-color has-link-color wp-elements-2bb2b1b74c6ab3a011fd2af6e351a296\">Registri number: 14883262<br><br>Panga andmed:<br>AS LHV Pank<br>EE677700771009838735<\/p>\n<\/div><\/details>\n<\/div>\n\n\n<div style=\"height:300pxpx;\" class=\"wp-block-themeisle-blocks-leaflet-map\" id=\"wp-block-themeisle-blocks-leaflet-map-2e691829\"><\/div>\n<script type=\"text\/javascript\">\n\t\/* <![CDATA[ *\/\n\t\tif ( ! window.themeisleLeafletMaps ) window.themeisleLeafletMaps =[];\n\t\twindow.themeisleLeafletMaps.push( { container: \"wp-block-themeisle-blocks-leaflet-map-2e691829\", attributes: {\"id\":\"wp-block-themeisle-blocks-leaflet-map-2e691829\",\"location\":\"Sulevim\\u00e4gi 2\",\"latitude\":\"59.43844219613553\",\"longitude\":\"24.74546059112944\",\"bbox\":\"24.720525741577152,59.431895293187175,24.770393371582035,59.44498783245234\",\"zoom\":14,\"height\":\"300px\",\"markers\":[{\"id\":\"89049d61-955a-4995-a93e-1f8f0dde0acc\",\"latitude\":59.4403493,\"longitude\":24.748600474362554,\"title\":\"Add a title\",\"description\":\"\",\"location\":\"Sulevim\\u00e4gi 2\"}],\"zoomControl\":true,\"draggable\":true,\"hasCustomCSS\":false,\"customCSS\":\"\",\"TrpContentRestriction\":{\"restriction_type\":\"exclude\",\"selected_languages\":[],\"panel_open\":true},\"otterConditions\":[]} } );\n\t\/* ]]> *\/\n<\/script>\n<\/div>\n\n\n\n<div class=\"wp-block-column is-layout-flow wp-block-column-is-layout-flow\">\n<div id=\"wp-block-themeisle-blocks-form-a422e94c\" class=\"wp-block-themeisle-blocks-form\" data-option-name=\"bf9b28ff82ce323187abc5d0feb0d8f07ecd8436_a422e94c\"><form class=\"otter-form__container\">\n<div id=\"wp-block-themeisle-blocks-form-input-d27b2053\" class=\"wp-block-themeisle-blocks-form-input\"><label for=\"wp-block-themeisle-blocks-form-input-d27b2053-input\" class=\"otter-form-input-label\"><span class=\"otter-form-input-label__label\">Nimi\/Ettev\u00f5te<\/span><span class=\"required\">*<\/span><\/label><input type=\"text\" id=\"wp-block-themeisle-blocks-form-input-d27b2053-input\" required class=\"otter-form-input\"\/><\/div>\n\n\n\n<div id=\"wp-block-themeisle-blocks-form-input-d7e5f8e3\" class=\"wp-block-themeisle-blocks-form-input\"><label for=\"wp-block-themeisle-blocks-form-input-d7e5f8e3-input\" class=\"otter-form-input-label\"><span class=\"otter-form-input-label__label\">E-post<\/span><span class=\"required\">*<\/span><\/label><input type=\"email\" id=\"wp-block-themeisle-blocks-form-input-d7e5f8e3-input\" required class=\"otter-form-input\"\/><\/div>\n\n\n<div class=\"protection\" aria-hidden=\"true\"><input type=\"hidden\" id=\"wp-block-themeisle-blocks-form-a422e94c_nonce_field\" name=\"wp-block-themeisle-blocks-form-a422e94c_nonce_field\" value=\"475e4f3c83\" \/><input type=\"hidden\" name=\"_wp_http_referer\" value=\"\/en\/wp-json\/wp\/v2\/pages\/75\" \/><input class=\"o-anti-bot\" type=\"checkbox\"><\/div>\n\n\n<div id=\"wp-block-themeisle-blocks-form-textarea-0b8b1be9\" class=\"wp-block-themeisle-blocks-form-textarea\"><label for=\"wp-block-themeisle-blocks-form-textarea-0b8b1be9-input\" class=\"otter-form-textarea-label\"><span class=\"otter-form-textarea-label__label\">Kirja sisu*<\/span><\/label><textarea id=\"wp-block-themeisle-blocks-form-textarea-0b8b1be9-input\" rows=\"10\" class=\"otter-form-textarea-input\"><\/textarea><\/div>\n\n\n\n<p class=\"has-nv-text-dark-bg-color has-text-color has-link-color has-extra-small-font-size wp-elements-38d3896d24b843feae1602131a5214e1\">Saates meile p\u00e4ringu annate loa t\u00f6\u00f6delda oma kontaktandmeid \u00fchenduse v\u00f5tmise jaoks. Lisainformatsiooni andmete t\u00f6\u00f6tlemise, privaatsuspoliitika kohta leiate <a href=\"https:\/\/jdagentuur.ee\/privaatsus\/\">SIIT<\/a>.<\/p>\n<div class=\"wp-block-button\"><button class=\"wp-block-button__link\" type=\"submit\">Saada<\/button><\/div><\/form><\/div>\n<\/div>\n<\/div>\n<\/div><\/div>\n","protected":false},"excerpt":{"rendered":"","protected":false},"author":1,"featured_media":0,"parent":0,"menu_order":0,"comment_status":"closed","ping_status":"closed","template":"","meta":{"_monsterinsights_skip_tracking":false,"_monsterinsights_sitenote_active":false,"_monsterinsights_sitenote_note":"","_monsterinsights_sitenote_category":0,"neve_meta_sidebar":"default","neve_meta_container":"","neve_meta_enable_content_width":"on","neve_meta_content_width":100,"neve_meta_title_alignment":"","neve_meta_author_avatar":"","neve_post_elements_order":"","neve_meta_disable_header":"","neve_meta_disable_footer":"","neve_meta_disable_title":"on","neve_meta_reading_time":"","_themeisle_gutenberg_block_has_review":false,"footnotes":""},"class_list":["post-75","page","type-page","status-publish","hentry"],"yoast_head":"<!-- This site is optimized with the Yoast SEO Premium plugin v25.0 (Yoast SEO v27.6) - https:\/\/yoast.com\/product\/yoast-seo-premium-wordpress\/ -->\n<title>Kontakt - JD Agentuur<\/title>\n<meta name=\"robots\" content=\"index, follow, max-snippet:-1, max-image-preview:large, max-video-preview:-1\" \/>\n<link rel=\"canonical\" href=\"https:\/\/jdagentuur.ee\/en\/kontakt\/\" \/>\n<meta property=\"og:locale\" content=\"en_US\" \/>\n<meta property=\"og:type\" content=\"article\" \/>\n<meta property=\"og:title\" content=\"Kontakt\" \/>\n<meta property=\"og:url\" content=\"https:\/\/jdagentuur.ee\/en\/kontakt\/\" \/>\n<meta property=\"og:site_name\" content=\"JD Agentuur\" \/>\n<meta property=\"article:publisher\" content=\"https:\/\/www.facebook.com\/jdagentuur\" \/>\n<meta property=\"article:modified_time\" content=\"2025-09-16T08:37:05+00:00\" \/>\n<meta property=\"og:image\" content=\"https:\/\/mlpt1lag6ccf.i.optimole.com\/w:auto\/h:auto\/q:mauto\/f:best\/https:\/\/jdagentuur.ee\/wp-content\/uploads\/2023\/03\/Logo-jpg.png\" \/>\n\t<meta property=\"og:image:width\" content=\"500\" \/>\n\t<meta property=\"og:image:height\" content=\"500\" \/>\n\t<meta property=\"og:image:type\" content=\"image\/png\" \/>\n<meta name=\"twitter:card\" content=\"summary_large_image\" \/>\n<meta name=\"twitter:label1\" content=\"Est. reading time\" \/>\n\t<meta name=\"twitter:data1\" content=\"1 minute\" \/>\n<script type=\"application\/ld+json\" class=\"yoast-schema-graph\">{\"@context\":\"https:\\\/\\\/schema.org\",\"@graph\":[{\"@type\":\"WebPage\",\"@id\":\"https:\\\/\\\/jdagentuur.ee\\\/kontakt\\\/\",\"url\":\"https:\\\/\\\/jdagentuur.ee\\\/kontakt\\\/\",\"name\":\"Kontakt - JD Agentuur\",\"isPartOf\":{\"@id\":\"https:\\\/\\\/jdagentuur.ee\\\/#website\"},\"datePublished\":\"2020-01-27T08:29:32+00:00\",\"dateModified\":\"2025-09-16T08:37:05+00:00\",\"breadcrumb\":{\"@id\":\"https:\\\/\\\/jdagentuur.ee\\\/kontakt\\\/#breadcrumb\"},\"inLanguage\":\"en-US\",\"potentialAction\":[{\"@type\":\"ReadAction\",\"target\":[\"https:\\\/\\\/jdagentuur.ee\\\/kontakt\\\/\"]}]},{\"@type\":\"BreadcrumbList\",\"@id\":\"https:\\\/\\\/jdagentuur.ee\\\/kontakt\\\/#breadcrumb\",\"itemListElement\":[{\"@type\":\"ListItem\",\"position\":1,\"name\":\"Home\",\"item\":\"https:\\\/\\\/jdagentuur.ee\\\/\"},{\"@type\":\"ListItem\",\"position\":2,\"name\":\"Kontakt\"}]},{\"@type\":\"WebSite\",\"@id\":\"https:\\\/\\\/jdagentuur.ee\\\/#website\",\"url\":\"https:\\\/\\\/jdagentuur.ee\\\/\",\"name\":\"JD Agentuur\",\"description\":\"\",\"publisher\":{\"@id\":\"https:\\\/\\\/jdagentuur.ee\\\/#organization\"},\"potentialAction\":[{\"@type\":\"SearchAction\",\"target\":{\"@type\":\"EntryPoint\",\"urlTemplate\":\"https:\\\/\\\/jdagentuur.ee\\\/?s={search_term_string}\"},\"query-input\":{\"@type\":\"PropertyValueSpecification\",\"valueRequired\":true,\"valueName\":\"search_term_string\"}}],\"inLanguage\":\"en-US\"},{\"@type\":\"Organization\",\"@id\":\"https:\\\/\\\/jdagentuur.ee\\\/#organization\",\"name\":\"JD Agentuur\",\"url\":\"https:\\\/\\\/jdagentuur.ee\\\/\",\"logo\":{\"@type\":\"ImageObject\",\"inLanguage\":\"en-US\",\"@id\":\"https:\\\/\\\/jdagentuur.ee\\\/#\\\/schema\\\/logo\\\/image\\\/\",\"url\":\"https:\\/\\/jdagentuur.ee\\/wp-content\\/uploads\\/2023\\/03\\/Logo-jpg.png\",\"contentUrl\":\"https:\\/\\/jdagentuur.ee\\/wp-content\\/uploads\\/2023\\/03\\/Logo-jpg.png\",\"width\":500,\"height\":500,\"caption\":\"JD Agentuur\"},\"image\":{\"@id\":\"https:\\\/\\\/jdagentuur.ee\\\/#\\\/schema\\\/logo\\\/image\\\/\"},\"sameAs\":[\"https:\\\/\\\/www.facebook.com\\\/jdagentuur\",\"https:\\\/\\\/www.instagram.com\\\/jdagentuur\"]}]}<\/script>\n<!-- \/ Yoast SEO Premium plugin. -->","yoast_head_json":{"title":"Kontakt - JD Agentuur","robots":{"index":"index","follow":"follow","max-snippet":"max-snippet:-1","max-image-preview":"max-image-preview:large","max-video-preview":"max-video-preview:-1"},"canonical":"https:\/\/jdagentuur.ee\/en\/kontakt\/","og_locale":"en_US","og_type":"article","og_title":"Kontakt","og_url":"https:\/\/jdagentuur.ee\/en\/kontakt\/","og_site_name":"JD Agentuur","article_publisher":"https:\/\/www.facebook.com\/jdagentuur","article_modified_time":"2025-09-16T08:37:05+00:00","og_image":[{"width":500,"height":500,"url":"https:\/\/mlpt1lag6ccf.i.optimole.com\/w:auto\/h:auto\/q:mauto\/f:best\/https:\/\/jdagentuur.ee\/wp-content\/uploads\/2023\/03\/Logo-jpg.png","type":"image\/png"}],"twitter_card":"summary_large_image","twitter_misc":{"Est. reading time":"1 minute"},"schema":{"@context":"https:\/\/schema.org","@graph":[{"@type":"WebPage","@id":"https:\/\/jdagentuur.ee\/kontakt\/","url":"https:\/\/jdagentuur.ee\/kontakt\/","name":"Kontakt - JD Agentuur","isPartOf":{"@id":"https:\/\/jdagentuur.ee\/#website"},"datePublished":"2020-01-27T08:29:32+00:00","dateModified":"2025-09-16T08:37:05+00:00","breadcrumb":{"@id":"https:\/\/jdagentuur.ee\/kontakt\/#breadcrumb"},"inLanguage":"en-US","potentialAction":[{"@type":"ReadAction","target":["https:\/\/jdagentuur.ee\/kontakt\/"]}]},{"@type":"BreadcrumbList","@id":"https:\/\/jdagentuur.ee\/kontakt\/#breadcrumb","itemListElement":[{"@type":"ListItem","position":1,"name":"Home","item":"https:\/\/jdagentuur.ee\/"},{"@type":"ListItem","position":2,"name":"Kontakt"}]},{"@type":"WebSite","@id":"https:\/\/jdagentuur.ee\/#website","url":"https:\/\/jdagentuur.ee\/","name":"JD Agentuur","description":"","publisher":{"@id":"https:\/\/jdagentuur.ee\/#organization"},"potentialAction":[{"@type":"SearchAction","target":{"@type":"EntryPoint","urlTemplate":"https:\/\/jdagentuur.ee\/?s={search_term_string}"},"query-input":{"@type":"PropertyValueSpecification","valueRequired":true,"valueName":"search_term_string"}}],"inLanguage":"en-US"},{"@type":"Organization","@id":"https:\/\/jdagentuur.ee\/#organization","name":"JD Agentuur","url":"https:\/\/jdagentuur.ee\/","logo":{"@type":"ImageObject","inLanguage":"en-US","@id":"https:\/\/jdagentuur.ee\/#\/schema\/logo\/image\/","url":"https:\/\/mlpt1lag6ccf.i.optimole.com\/w:auto\/h:auto\/q:mauto\/f:best\/https:\/\/jdagentuur.ee\/wp-content\/uploads\/2023\/03\/Logo-jpg.png","contentUrl":"https:\/\/mlpt1lag6ccf.i.optimole.com\/w:auto\/h:auto\/q:mauto\/f:best\/https:\/\/jdagentuur.ee\/wp-content\/uploads\/2023\/03\/Logo-jpg.png","width":500,"height":500,"caption":"JD Agentuur"},"image":{"@id":"https:\/\/jdagentuur.ee\/#\/schema\/logo\/image\/"},"sameAs":["https:\/\/www.facebook.com\/jdagentuur","https:\/\/www.instagram.com\/jdagentuur"]}]}},"_links":{"self":[{"href":"https:\/\/jdagentuur.ee\/en\/wp-json\/wp\/v2\/pages\/75","targetHints":{"allow":["GET"]}}],"collection":[{"href":"https:\/\/jdagentuur.ee\/en\/wp-json\/wp\/v2\/pages"}],"about":[{"href":"https:\/\/jdagentuur.ee\/en\/wp-json\/wp\/v2\/types\/page"}],"author":[{"embeddable":true,"href":"https:\/\/jdagentuur.ee\/en\/wp-json\/wp\/v2\/users\/1"}],"replies":[{"embeddable":true,"href":"https:\/\/jdagentuur.ee\/en\/wp-json\/wp\/v2\/comments?post=75"}],"version-history":[{"count":22,"href":"https:\/\/jdagentuur.ee\/en\/wp-json\/wp\/v2\/pages\/75\/revisions"}],"predecessor-version":[{"id":1684,"href":"https:\/\/jdagentuur.ee\/en\/wp-json\/wp\/v2\/pages\/75\/revisions\/1684"}],"wp:attachment":[{"href":"https:\/\/jdagentuur.ee\/en\/wp-json\/wp\/v2\/media?parent=75"}],"curies":[{"name":"wp","href":"https:\/\/api.w.org\/{rel}","templated":true}]}}