{"id":7,"date":"2023-03-14T12:11:16","date_gmt":"2023-03-14T12:11:16","guid":{"rendered":"https:\/\/jdagentuur.ee\/maintenance-page\/"},"modified":"2023-03-14T12:18:43","modified_gmt":"2023-03-14T12:18:43","slug":"maintenance-page","status":"publish","type":"page","link":"https:\/\/jdagentuur.ee\/et\/maintenance-page\/","title":{"rendered":""},"content":{"rendered":"\n<div id=\"wp-block-themeisle-blocks-advanced-columns-0d617423\" class=\"wp-block-themeisle-blocks-advanced-columns alignfull has-1-columns has-desktop-equal-layout has-tablet-equal-layout has-mobile-equal-layout has-vertical-center\"><div class=\"wp-block-themeisle-blocks-advanced-columns-overlay\"><\/div><div class=\"innerblocks-wrap\">\n<div id=\"wp-block-themeisle-blocks-advanced-column-7a21d599\" class=\"wp-block-themeisle-blocks-advanced-column\">\n<h1 id=\"wp-block-themeisle-blocks-advanced-heading-84bfa495\" class=\"wp-block-themeisle-blocks-advanced-heading wp-block-themeisle-blocks-advanced-heading-84bfa495 animated fadeIn\">Ehitame \u00e4gedat veebikodu!<\/h1>\n\n\n\n<div style=\"height:40px\" aria-hidden=\"true\" class=\"wp-block-spacer\"><\/div>\n\n\n\n<div style=\"height:40px\" aria-hidden=\"true\" class=\"wp-block-spacer\"><\/div>\n\n\n\n<p id=\"wp-block-themeisle-blocks-advanced-heading-a458b450\" class=\"wp-block-themeisle-blocks-advanced-heading wp-block-themeisle-blocks-advanced-heading-a458b450\">Ait\u00e4h, et hoiate silma peal! Tegutseme hetkel \u00e4geda veebikodu kallal ning avame juba \u00f5igepea! Tulge kindlasti tagasi, kui aeg on \u00f5ige. Seniks saate tegemistel silma peal hoida meie sotsiaalmeedias!<\/p>\n\n\n\n<ul class=\"wp-block-social-links has-large-icon-size has-icon-color is-style-logos-only ticss-1c969deb is-content-justification-center is-layout-flex wp-container-core-social-links-is-layout-16018d1d wp-block-social-links-is-layout-flex\"><li style=\"color:var(u002du002dnv-text-color);\" class=\"wp-social-link wp-social-link-facebook has-neve-text-color-color wp-block-social-link\"><a href=\"\" class=\"wp-block-social-link-anchor\"><svg width=\"24\" height=\"24\" viewBox=\"0 0 24 24\" version=\"1.1\" xmlns=\"http:\/\/www.w3.org\/2000\/svg\" aria-hidden=\"true\" focusable=\"false\"><path d=\"M12 2C6.5 2 2 6.5 2 12c0 5 3.7 9.1 8.4 9.9v-7H7.9V12h2.5V9.8c0-2.5 1.5-3.9 3.8-3.9 1.1 0 2.2.2 2.2.2v2.5h-1.3c-1.2 0-1.6.8-1.6 1.6V12h2.8l-.4 2.9h-2.3v7C18.3 21.1 22 17 22 12c0-5.5-4.5-10-10-10z\"><\/path><\/svg><span class=\"wp-block-social-link-label screen-reader-text\">Facebook<\/span><\/a><\/li>\n\n<li style=\"color:var(u002du002dnv-text-color);\" class=\"wp-social-link wp-social-link-instagram has-neve-text-color-color wp-block-social-link\"><a href=\"https:\/\/www.instagram.com\/jdagentuur\/\" class=\"wp-block-social-link-anchor\"><svg width=\"24\" height=\"24\" viewBox=\"0 0 24 24\" version=\"1.1\" xmlns=\"http:\/\/www.w3.org\/2000\/svg\" aria-hidden=\"true\" focusable=\"false\"><path d=\"M12,4.622c2.403,0,2.688,0.009,3.637,0.052c0.877,0.04,1.354,0.187,1.671,0.31c0.42,0.163,0.72,0.358,1.035,0.673 c0.315,0.315,0.51,0.615,0.673,1.035c0.123,0.317,0.27,0.794,0.31,1.671c0.043,0.949,0.052,1.234,0.052,3.637 s-0.009,2.688-0.052,3.637c-0.04,0.877-0.187,1.354-0.31,1.671c-0.163,0.42-0.358,0.72-0.673,1.035 c-0.315,0.315-0.615,0.51-1.035,0.673c-0.317,0.123-0.794,0.27-1.671,0.31c-0.949,0.043-1.233,0.052-3.637,0.052 s-2.688-0.009-3.637-0.052c-0.877-0.04-1.354-0.187-1.671-0.31c-0.42-0.163-0.72-0.358-1.035-0.673 c-0.315-0.315-0.51-0.615-0.673-1.035c-0.123-0.317-0.27-0.794-0.31-1.671C4.631,14.688,4.622,14.403,4.622,12 s0.009-2.688,0.052-3.637c0.04-0.877,0.187-1.354,0.31-1.671c0.163-0.42,0.358-0.72,0.673-1.035 c0.315-0.315,0.615-0.51,1.035-0.673c0.317-0.123,0.794-0.27,1.671-0.31C9.312,4.631,9.597,4.622,12,4.622 M12,3 C9.556,3,9.249,3.01,8.289,3.054C7.331,3.098,6.677,3.25,6.105,3.472C5.513,3.702,5.011,4.01,4.511,4.511 c-0.5,0.5-0.808,1.002-1.038,1.594C3.25,6.677,3.098,7.331,3.054,8.289C3.01,9.249,3,9.556,3,12c0,2.444,0.01,2.751,0.054,3.711 c0.044,0.958,0.196,1.612,0.418,2.185c0.23,0.592,0.538,1.094,1.038,1.594c0.5,0.5,1.002,0.808,1.594,1.038 c0.572,0.222,1.227,0.375,2.185,0.418C9.249,20.99,9.556,21,12,21s2.751-0.01,3.711-0.054c0.958-0.044,1.612-0.196,2.185-0.418 c0.592-0.23,1.094-0.538,1.594-1.038c0.5-0.5,0.808-1.002,1.038-1.594c0.222-0.572,0.375-1.227,0.418-2.185 C20.99,14.751,21,14.444,21,12s-0.01-2.751-0.054-3.711c-0.044-0.958-0.196-1.612-0.418-2.185c-0.23-0.592-0.538-1.094-1.038-1.594 c-0.5-0.5-1.002-0.808-1.594-1.038c-0.572-0.222-1.227-0.375-2.185-0.418C14.751,3.01,14.444,3,12,3L12,3z M12,7.378 c-2.552,0-4.622,2.069-4.622,4.622S9.448,16.622,12,16.622s4.622-2.069,4.622-4.622S14.552,7.378,12,7.378z M12,15 c-1.657,0-3-1.343-3-3s1.343-3,3-3s3,1.343,3,3S13.657,15,12,15z M16.804,6.116c-0.596,0-1.08,0.484-1.08,1.08 s0.484,1.08,1.08,1.08c0.596,0,1.08-0.484,1.08-1.08S17.401,6.116,16.804,6.116z\"><\/path><\/svg><span class=\"wp-block-social-link-label screen-reader-text\">Instagram<\/span><\/a><\/li><\/ul>\n<\/div>\n<\/div><\/div>\n","protected":false},"excerpt":{"rendered":"","protected":false},"author":1,"featured_media":0,"parent":0,"menu_order":0,"comment_status":"closed","ping_status":"closed","template":"templates\/wpmm-page-template.php","meta":{"_monsterinsights_skip_tracking":false,"_monsterinsights_sitenote_active":false,"_monsterinsights_sitenote_note":"","_monsterinsights_sitenote_category":0,"neve_meta_sidebar":"","neve_meta_container":"","neve_meta_enable_content_width":"","neve_meta_content_width":0,"neve_meta_title_alignment":"","neve_meta_author_avatar":"","neve_post_elements_order":"","neve_meta_disable_header":"","neve_meta_disable_footer":"","neve_meta_disable_title":"","neve_meta_reading_time":"","_themeisle_gutenberg_block_has_review":false,"footnotes":""},"class_list":["post-7","page","type-page","status-publish","hentry"],"yoast_head":"<!-- This site is optimized with the Yoast SEO Premium plugin v25.0 (Yoast SEO v27.5) - https:\/\/yoast.com\/product\/yoast-seo-premium-wordpress\/ -->\n<title>- JD Agentuur<\/title>\n<meta name=\"robots\" content=\"index, follow, max-snippet:-1, max-image-preview:large, max-video-preview:-1\" \/>\n<link rel=\"canonical\" href=\"https:\/\/jdagentuur.ee\/et\/\" \/>\n<meta property=\"og:locale\" content=\"et_EE\" \/>\n<meta property=\"og:type\" content=\"article\" \/>\n<meta property=\"og:url\" content=\"https:\/\/jdagentuur.ee\/et\/\" \/>\n<meta property=\"og:site_name\" content=\"JD Agentuur\" \/>\n<meta property=\"article:publisher\" content=\"https:\/\/www.facebook.com\/jdagentuur\" \/>\n<meta property=\"article:modified_time\" content=\"2023-03-14T12:18:43+00:00\" \/>\n<meta property=\"og:image\" content=\"https:\/\/mlpt1lag6ccf.i.optimole.com\/w:auto\/h:auto\/q:mauto\/f:best\/https:\/\/jdagentuur.ee\/wp-content\/uploads\/2023\/03\/Logo-jpg.png\" \/>\n\t<meta property=\"og:image:width\" content=\"500\" \/>\n\t<meta property=\"og:image:height\" content=\"500\" \/>\n\t<meta property=\"og:image:type\" content=\"image\/png\" \/>\n<meta name=\"twitter:card\" content=\"summary_large_image\" \/>\n<script type=\"application\/ld+json\" class=\"yoast-schema-graph\">{\"@context\":\"https:\\\/\\\/schema.org\",\"@graph\":[{\"@type\":\"WebPage\",\"@id\":\"https:\\\/\\\/jdagentuur.ee\\\/\",\"url\":\"https:\\\/\\\/jdagentuur.ee\\\/\",\"name\":\"- JD Agentuur\",\"isPartOf\":{\"@id\":\"https:\\\/\\\/jdagentuur.ee\\\/#website\"},\"datePublished\":\"2023-03-14T12:11:16+00:00\",\"dateModified\":\"2023-03-14T12:18:43+00:00\",\"inLanguage\":\"et\",\"potentialAction\":[{\"@type\":\"ReadAction\",\"target\":[\"https:\\\/\\\/jdagentuur.ee\\\/\"]}]},{\"@type\":\"WebSite\",\"@id\":\"https:\\\/\\\/jdagentuur.ee\\\/#website\",\"url\":\"https:\\\/\\\/jdagentuur.ee\\\/\",\"name\":\"JD Agentuur\",\"description\":\"\",\"publisher\":{\"@id\":\"https:\\\/\\\/jdagentuur.ee\\\/#organization\"},\"potentialAction\":[{\"@type\":\"SearchAction\",\"target\":{\"@type\":\"EntryPoint\",\"urlTemplate\":\"https:\\\/\\\/jdagentuur.ee\\\/?s={search_term_string}\"},\"query-input\":{\"@type\":\"PropertyValueSpecification\",\"valueRequired\":true,\"valueName\":\"search_term_string\"}}],\"inLanguage\":\"et\"},{\"@type\":\"Organization\",\"@id\":\"https:\\\/\\\/jdagentuur.ee\\\/#organization\",\"name\":\"JD Agentuur\",\"url\":\"https:\\\/\\\/jdagentuur.ee\\\/\",\"logo\":{\"@type\":\"ImageObject\",\"inLanguage\":\"et\",\"@id\":\"https:\\\/\\\/jdagentuur.ee\\\/#\\\/schema\\\/logo\\\/image\\\/\",\"url\":\"https:\\/\\/jdagentuur.ee\\/wp-content\\/uploads\\/2023\\/03\\/Logo-jpg.png\",\"contentUrl\":\"https:\\/\\/jdagentuur.ee\\/wp-content\\/uploads\\/2023\\/03\\/Logo-jpg.png\",\"width\":500,\"height\":500,\"caption\":\"JD Agentuur\"},\"image\":{\"@id\":\"https:\\\/\\\/jdagentuur.ee\\\/#\\\/schema\\\/logo\\\/image\\\/\"},\"sameAs\":[\"https:\\\/\\\/www.facebook.com\\\/jdagentuur\",\"https:\\\/\\\/www.instagram.com\\\/jdagentuur\"]}]}<\/script>\n<!-- \/ Yoast SEO Premium plugin. -->","yoast_head_json":{"title":"- JD Agentuur","robots":{"index":"index","follow":"follow","max-snippet":"max-snippet:-1","max-image-preview":"max-image-preview:large","max-video-preview":"max-video-preview:-1"},"canonical":"https:\/\/jdagentuur.ee\/et\/","og_locale":"et_EE","og_type":"article","og_url":"https:\/\/jdagentuur.ee\/et\/","og_site_name":"JD Agentuur","article_publisher":"https:\/\/www.facebook.com\/jdagentuur","article_modified_time":"2023-03-14T12:18:43+00:00","og_image":[{"width":500,"height":500,"url":"https:\/\/mlpt1lag6ccf.i.optimole.com\/w:auto\/h:auto\/q:mauto\/f:best\/https:\/\/jdagentuur.ee\/wp-content\/uploads\/2023\/03\/Logo-jpg.png","type":"image\/png"}],"twitter_card":"summary_large_image","schema":{"@context":"https:\/\/schema.org","@graph":[{"@type":"WebPage","@id":"https:\/\/jdagentuur.ee\/","url":"https:\/\/jdagentuur.ee\/","name":"- JD Agentuur","isPartOf":{"@id":"https:\/\/jdagentuur.ee\/#website"},"datePublished":"2023-03-14T12:11:16+00:00","dateModified":"2023-03-14T12:18:43+00:00","inLanguage":"et","potentialAction":[{"@type":"ReadAction","target":["https:\/\/jdagentuur.ee\/"]}]},{"@type":"WebSite","@id":"https:\/\/jdagentuur.ee\/#website","url":"https:\/\/jdagentuur.ee\/","name":"JD Agentuur","description":"","publisher":{"@id":"https:\/\/jdagentuur.ee\/#organization"},"potentialAction":[{"@type":"SearchAction","target":{"@type":"EntryPoint","urlTemplate":"https:\/\/jdagentuur.ee\/?s={search_term_string}"},"query-input":{"@type":"PropertyValueSpecification","valueRequired":true,"valueName":"search_term_string"}}],"inLanguage":"et"},{"@type":"Organization","@id":"https:\/\/jdagentuur.ee\/#organization","name":"JD Agentuur","url":"https:\/\/jdagentuur.ee\/","logo":{"@type":"ImageObject","inLanguage":"et","@id":"https:\/\/jdagentuur.ee\/#\/schema\/logo\/image\/","url":"https:\/\/mlpt1lag6ccf.i.optimole.com\/w:auto\/h:auto\/q:mauto\/f:best\/https:\/\/jdagentuur.ee\/wp-content\/uploads\/2023\/03\/Logo-jpg.png","contentUrl":"https:\/\/mlpt1lag6ccf.i.optimole.com\/w:auto\/h:auto\/q:mauto\/f:best\/https:\/\/jdagentuur.ee\/wp-content\/uploads\/2023\/03\/Logo-jpg.png","width":500,"height":500,"caption":"JD Agentuur"},"image":{"@id":"https:\/\/jdagentuur.ee\/#\/schema\/logo\/image\/"},"sameAs":["https:\/\/www.facebook.com\/jdagentuur","https:\/\/www.instagram.com\/jdagentuur"]}]}},"_links":{"self":[{"href":"https:\/\/jdagentuur.ee\/et\/wp-json\/wp\/v2\/pages\/7","targetHints":{"allow":["GET"]}}],"collection":[{"href":"https:\/\/jdagentuur.ee\/et\/wp-json\/wp\/v2\/pages"}],"about":[{"href":"https:\/\/jdagentuur.ee\/et\/wp-json\/wp\/v2\/types\/page"}],"author":[{"embeddable":true,"href":"https:\/\/jdagentuur.ee\/et\/wp-json\/wp\/v2\/users\/1"}],"replies":[{"embeddable":true,"href":"https:\/\/jdagentuur.ee\/et\/wp-json\/wp\/v2\/comments?post=7"}],"version-history":[{"count":3,"href":"https:\/\/jdagentuur.ee\/et\/wp-json\/wp\/v2\/pages\/7\/revisions"}],"predecessor-version":[{"id":11,"href":"https:\/\/jdagentuur.ee\/et\/wp-json\/wp\/v2\/pages\/7\/revisions\/11"}],"wp:attachment":[{"href":"https:\/\/jdagentuur.ee\/et\/wp-json\/wp\/v2\/media?parent=7"}],"curies":[{"name":"wp","href":"https:\/\/api.w.org\/{rel}","templated":true}]}}